{"id":173,"date":"2019-04-04T23:10:54","date_gmt":"2019-04-04T23:10:54","guid":{"rendered":"http:\/\/osuwela.org\/osuwela\/?page_id=173"},"modified":"2019-04-04T23:10:54","modified_gmt":"2019-04-04T23:10:54","slug":"apoiar","status":"publish","type":"page","link":"http:\/\/osuwela.org\/?page_id=173","title":{"rendered":"Apoiar"},"content":{"rendered":"<p>Porque o desenvolvimento n\u00e3o pode ser comprado. Ele tem de ser criado internamente, e a Ci\u00eancia e Tecnologia s\u00e3o o caminho para um desenvolvimento sustentado. \u00c9 fundamental apoiar o sistema educativo na cria\u00e7\u00e3o das condi\u00e7\u00f5es necess\u00e1rias para que mais jovens escolham um futuro profissional nestas \u00e1reas e possam apoiar o desenvolvimento de Mo\u00e7ambique atrav\u00e9s dos seus conhecimentos.<br \/>\nPorque continuamos a ter alunos na 12\u00aa classe que nunca viram um tubo de ensaio. Que nunca realizaram uma experi\u00eancia de F\u00edsica, ou de Qu\u00edmica. E que dificilmente sentir\u00e3o qualquer apelo em seguir uma \u00e1rea cient\u00edfica nestas condi\u00e7\u00f5es.<br \/>\nPorque por cada aluna formada, uma nova fam\u00edlia ter\u00e1 um futuro diferente, um exemplo diferente sobre o que \u00e9 o papel da mulher na comunidade.<br \/>\nPorque, por falta de uma cultura cient\u00edfica generalizada, assistimos a persegui\u00e7\u00f5es motivadas por cren\u00e7as infundadas, como as que sofrem os albinos.<\/p>\n<h2>Como apoiar<\/h2>\n<p>Pode apoiar as iniciativas da OSUWELA atrav\u00e9s da plataforma de crowdfunding.<\/p>\n","protected":false},"excerpt":{"rendered":"<p>Porque o desenvolvimento n\u00e3o pode ser comprado. Ele tem de ser criado internamente, e a Ci\u00eancia e Tecnologia s\u00e3o o caminho para um desenvolvimento sustentado. \u00c9 fundamental apoiar o sistema educativo na cria\u00e7\u00e3o das condi\u00e7\u00f5es necess\u00e1rias para que mais jovens escolham um futuro profissional nestas \u00e1reas e possam apoiar o desenvolvimento de Mo\u00e7ambique atrav\u00e9s dos seus conhecimentos. Porque continuamos a ter alunos na 12\u00aa classe que nunca viram um tubo de ensaio. Que nunca realizaram uma experi\u00eancia de F\u00edsica, ou de Qu\u00edmica. E que dificilmente sentir\u00e3o qualquer apelo em seguir uma \u00e1rea cient\u00edfica nestas condi\u00e7\u00f5es. Porque por cada aluna formada, uma nova fam\u00edlia ter\u00e1 um futuro diferente, um exemplo diferente sobre o que \u00e9 o papel da mulher na comunidade.&hellip;<\/p>\n","protected":false},"author":1,"featured_media":0,"parent":0,"menu_order":0,"comment_status":"closed","ping_status":"closed","template":"","meta":[],"_links":{"self":[{"href":"http:\/\/osuwela.org\/index.php?rest_route=\/wp\/v2\/pages\/173"}],"collection":[{"href":"http:\/\/osuwela.org\/index.php?rest_route=\/wp\/v2\/pages"}],"about":[{"href":"http:\/\/osuwela.org\/index.php?rest_route=\/wp\/v2\/types\/page"}],"author":[{"embeddable":true,"href":"http:\/\/osuwela.org\/index.php?rest_route=\/wp\/v2\/users\/1"}],"replies":[{"embeddable":true,"href":"http:\/\/osuwela.org\/index.php?rest_route=%2Fwp%2Fv2%2Fcomments&post=173"}],"version-history":[{"count":1,"href":"http:\/\/osuwela.org\/index.php?rest_route=\/wp\/v2\/pages\/173\/revisions"}],"predecessor-version":[{"id":174,"href":"http:\/\/osuwela.org\/index.php?rest_route=\/wp\/v2\/pages\/173\/revisions\/174"}],"wp:attachment":[{"href":"http:\/\/osuwela.org\/index.php?rest_route=%2Fwp%2Fv2%2Fmedia&parent=173"}],"curies":[{"name":"wp","href":"https:\/\/api.w.org\/{rel}","templated":true}]}}