{"id":179,"date":"2019-04-04T23:41:59","date_gmt":"2019-04-04T23:41:59","guid":{"rendered":"http:\/\/osuwela.org\/osuwela\/?page_id=179"},"modified":"2022-12-01T09:36:45","modified_gmt":"2022-12-01T09:36:45","slug":"parceiros","status":"publish","type":"page","link":"http:\/\/osuwela.org\/?page_id=179","title":{"rendered":"Parceiros"},"content":{"rendered":"<p>A OSUWELA conta com um conjunto de parceiros fundamentais para o desenvolvimento da sua Miss\u00e3o.<\/p>\n<ul>\n<li>Embaixada da Irlanda<\/li>\n<li>ExxonMobil Mo\u00e7ambique<\/li>\n<li>Universidade Pedag\u00f3gica de Maputo<\/li>\n<li>MPDC \u2013 Porto de Maputo<\/li>\n<\/ul>\n","protected":false},"excerpt":{"rendered":"<p>A OSUWELA conta com um conjunto de parceiros fundamentais para o desenvolvimento da sua Miss\u00e3o. Embaixada da Irlanda ExxonMobil Mo\u00e7ambique Universidade Pedag\u00f3gica de Maputo MPDC \u2013 Porto de Maputo&hellip;<\/p>\n","protected":false},"author":1,"featured_media":0,"parent":0,"menu_order":0,"comment_status":"closed","ping_status":"closed","template":"","meta":[],"_links":{"self":[{"href":"http:\/\/osuwela.org\/index.php?rest_route=\/wp\/v2\/pages\/179"}],"collection":[{"href":"http:\/\/osuwela.org\/index.php?rest_route=\/wp\/v2\/pages"}],"about":[{"href":"http:\/\/osuwela.org\/index.php?rest_route=\/wp\/v2\/types\/page"}],"author":[{"embeddable":true,"href":"http:\/\/osuwela.org\/index.php?rest_route=\/wp\/v2\/users\/1"}],"replies":[{"embeddable":true,"href":"http:\/\/osuwela.org\/index.php?rest_route=%2Fwp%2Fv2%2Fcomments&post=179"}],"version-history":[{"count":3,"href":"http:\/\/osuwela.org\/index.php?rest_route=\/wp\/v2\/pages\/179\/revisions"}],"predecessor-version":[{"id":365,"href":"http:\/\/osuwela.org\/index.php?rest_route=\/wp\/v2\/pages\/179\/revisions\/365"}],"wp:attachment":[{"href":"http:\/\/osuwela.org\/index.php?rest_route=%2Fwp%2Fv2%2Fmedia&parent=179"}],"curies":[{"name":"wp","href":"https:\/\/api.w.org\/{rel}","templated":true}]}}