{"id":182,"date":"2019-04-04T23:57:17","date_gmt":"2019-04-04T23:57:17","guid":{"rendered":"http:\/\/osuwela.org\/osuwela\/?page_id=182"},"modified":"2019-05-22T18:26:08","modified_gmt":"2019-05-22T18:26:08","slug":"o-que-fazemos","status":"publish","type":"page","link":"http:\/\/osuwela.org\/?page_id=182","title":{"rendered":"O que fazemos"},"content":{"rendered":"<p>Mais ci\u00eancia, mais pr\u00f3xima de todos.<br \/>\nEm Mo\u00e7ambique cerca de 20% dos alunos que prosseguem para o Ensino Superior opta por cursos nas \u00e1reas de STEM. Destes, apenas 2% s\u00e3o meninas.<br \/>\nCerta de que o desenvolvimento nacional passa pela necessidade de contrariar esta tend\u00eancia e garantir que o pa\u00eds possui os quadros t\u00e9cnicos fundamentais, a OSUWELA apoia a sua ac\u00e7\u00e3o em:<\/p>\n<h4><span style=\"color: #000080;\">&#8211; FORMA\u00c7\u00c3O<\/span><\/h4>\n<ul>\n<li>Desenvolvimento de actividades de forma\u00e7\u00e3o em ci\u00eancia junto das comunidades escolares pr\u00e9-universit\u00e1rias e universit\u00e1rias.<\/li>\n<li>Desenvolvimento de actividades com Pr\u00e9-professores<\/li>\n<li>Promo\u00e7\u00e3o do envolvimento das comunidades escolares nas \u00e1reas de STEM atrav\u00e9s de eventos cient\u00edficos.<\/li>\n<li>Apoio aos Clubes de Ci\u00eancia escolares.<\/li>\n<li>Dinamiza\u00e7\u00e3o de \u00e1reas de STEM, como a Rob\u00f3tica e a Astronomia.<\/li>\n<\/ul>\n<p>&nbsp;<\/p>\n<h4><span style=\"color: #000080;\">&#8211; INSER\u00c7\u00c3O<\/span><\/h4>\n<p>Desenvolver actividades que promovam:<\/p>\n<ul>\n<li>a inser\u00e7\u00e3o da mulher em STEM.<\/li>\n<li>a inclus\u00e3o profissional das mulheres em carreiras de STEM.<\/li>\n<li>o desenvolvimento da Cultura Cient\u00edfica junto das comunidades.<\/li>\n<li>o est\u00edmulo \u00e0 participa\u00e7\u00e3o de jovens em STEM.<\/li>\n<li>a signific\u00e2ncia das aprendizagens escolares.<\/li>\n<\/ul>\n<p>&nbsp;<\/p>\n<h4><span style=\"color: #000080;\">&#8211; CIDADANIA E CULTURA CIENT\u00cdFICA<\/span><\/h4>\n<p>A advocacia das ci\u00eancias \u00e9 uma parte fundamental do trabalho da OSUWELA, atrav\u00e9s de actividades de promo\u00e7\u00e3o das Ci\u00eancias, de divulga\u00e7\u00e3o e dissemina\u00e7\u00e3o de conhecimento sobre temas de Ci\u00eancia e Tecnologia, para o p\u00fablico em geral e para o p\u00fablico escolar.<\/p>\n<p>Refor\u00e7o da rela\u00e7\u00e3o entre a ci\u00eancia e o p\u00fablico. Museus, exposi\u00e7\u00f5es, debates, confer\u00eancias\u2026<\/p>\n","protected":false},"excerpt":{"rendered":"<p>Mais ci\u00eancia, mais pr\u00f3xima de todos. Em Mo\u00e7ambique cerca de 20% dos alunos que prosseguem para o Ensino Superior opta por cursos nas \u00e1reas de STEM. Destes, apenas 2% s\u00e3o meninas. Certa de que o desenvolvimento nacional passa pela necessidade de contrariar esta tend\u00eancia e garantir que o pa\u00eds possui os quadros t\u00e9cnicos fundamentais, a OSUWELA apoia a sua ac\u00e7\u00e3o em: &#8211; FORMA\u00c7\u00c3O Desenvolvimento de actividades de forma\u00e7\u00e3o em ci\u00eancia junto das comunidades escolares pr\u00e9-universit\u00e1rias e universit\u00e1rias. Desenvolvimento de actividades com Pr\u00e9-professores Promo\u00e7\u00e3o do envolvimento das comunidades escolares nas \u00e1reas de STEM atrav\u00e9s de eventos cient\u00edficos. Apoio aos Clubes de Ci\u00eancia escolares. Dinamiza\u00e7\u00e3o de \u00e1reas de STEM, como a Rob\u00f3tica e a Astronomia. &nbsp; &#8211; INSER\u00c7\u00c3O Desenvolver actividades que promovam:&hellip;<\/p>\n","protected":false},"author":1,"featured_media":0,"parent":0,"menu_order":0,"comment_status":"closed","ping_status":"closed","template":"","meta":[],"_links":{"self":[{"href":"http:\/\/osuwela.org\/index.php?rest_route=\/wp\/v2\/pages\/182"}],"collection":[{"href":"http:\/\/osuwela.org\/index.php?rest_route=\/wp\/v2\/pages"}],"about":[{"href":"http:\/\/osuwela.org\/index.php?rest_route=\/wp\/v2\/types\/page"}],"author":[{"embeddable":true,"href":"http:\/\/osuwela.org\/index.php?rest_route=\/wp\/v2\/users\/1"}],"replies":[{"embeddable":true,"href":"http:\/\/osuwela.org\/index.php?rest_route=%2Fwp%2Fv2%2Fcomments&post=182"}],"version-history":[{"count":11,"href":"http:\/\/osuwela.org\/index.php?rest_route=\/wp\/v2\/pages\/182\/revisions"}],"predecessor-version":[{"id":296,"href":"http:\/\/osuwela.org\/index.php?rest_route=\/wp\/v2\/pages\/182\/revisions\/296"}],"wp:attachment":[{"href":"http:\/\/osuwela.org\/index.php?rest_route=%2Fwp%2Fv2%2Fmedia&parent=182"}],"curies":[{"name":"wp","href":"https:\/\/api.w.org\/{rel}","templated":true}]}}