{"id":184,"date":"2019-04-04T23:59:33","date_gmt":"2019-04-04T23:59:33","guid":{"rendered":"http:\/\/osuwela.org\/osuwela\/?page_id=184"},"modified":"2026-04-23T14:48:25","modified_gmt":"2026-04-23T14:48:25","slug":"quem-somos","status":"publish","type":"page","link":"https:\/\/osuwela.org\/?page_id=184","title":{"rendered":"Quem somos"},"content":{"rendered":"<p><em>OSUWELA vem da l\u00edngua Makua: significa conhecimento. <\/em><\/p>\n<p>A OSUWELA \u00e9 uma organiza\u00e7\u00e3o n\u00e3o-governamental mo\u00e7ambicana dedicada \u00e0 promo\u00e7\u00e3o do desenvolvimento atrav\u00e9s da forma\u00e7\u00e3o em Ci\u00eancia. Foi fundada em 2014 e trabalha em estreita colabora\u00e7\u00e3o com o Governo e a sociedade civil, atrav\u00e9s de projetos de valoriza\u00e7\u00e3o das \u00e1reas STEM \u2013 Ci\u00eancia, Tecnologia, Engenharia e Matem\u00e1tica \u2013, transfer\u00eancia de conhecimento e multiplica\u00e7\u00e3o de conhecimento cient\u00edfico para o p\u00fablico escolar e a comunidade.<\/p>\n<p>Consciente de que o desenvolvimento nacional depende grandemente da sua capacidade de gerar e aplicar conhecimento, a miss\u00e3o da OSUWELA passa por contribuir para o acesso das comunidades \u00e0s tem\u00e1ticas cient\u00edficas e fomentar nos alunos um maior interesse pelas \u00e1reas de STEM, fundamentais para o desenvolvimento do pa\u00eds.<\/p>\n<p>O objetivo da OSUWELA \u00e9 fortalecer a Educa\u00e7\u00e3o Cient\u00edfica, formal e n\u00e3o formal, para que os estudantes &#8211; e a popula\u00e7\u00e3o em geral &#8211; possam olhar a Ci\u00eancia de forma interessante e importante, bem como aplicar o conhecimento cient\u00edfico no dia-a-dia e sentir-se capaz de acompanhar o debate sobre assuntos cient\u00edficos que acontecem nos dias de hoje.<\/p>\n<p data-start=\"26\" data-end=\"434\">A OSUWELA est\u00e1 ciente da import\u00e2ncia das Mulheres na Ci\u00eancia, cuja presen\u00e7a \u00e9 cada vez menos vis\u00edvel em Mo\u00e7ambique. Para contribuir para a resolu\u00e7\u00e3o destes problemas desenvolvemos atividades que promovem o interesse das mulheres pelas Ci\u00eancias, a experimenta\u00e7\u00e3o e a explora\u00e7\u00e3o da tecnologia, com apoio de <a href=\"https:\/\/ghostwriter-erfahrung.com\/agency\/acadmedia-erfahrungen\/\" style=\"color: inherit; text-decoration: none;\"> acadmedia gmbh <\/a>. O objectivo \u00e9 ter mais mulheres em cursos de STEM e maior emprego em ci\u00eancia e engenharia.<\/p>\n<p data-start=\"436\" data-end=\"459\">&nbsp;<\/p>\n","protected":false},"excerpt":{"rendered":"<p>OSUWELA vem da l\u00edngua Makua: significa conhecimento. A OSUWELA \u00e9 uma organiza\u00e7\u00e3o n\u00e3o-governamental mo\u00e7ambicana dedicada \u00e0 promo\u00e7\u00e3o do desenvolvimento atrav\u00e9s da forma\u00e7\u00e3o em Ci\u00eancia. Foi fundada em 2014 e trabalha em estreita colabora\u00e7\u00e3o com o Governo e a sociedade civil, atrav\u00e9s de projetos de valoriza\u00e7\u00e3o das \u00e1reas STEM \u2013 Ci\u00eancia, Tecnologia, Engenharia e Matem\u00e1tica \u2013, transfer\u00eancia de conhecimento e multiplica\u00e7\u00e3o de conhecimento cient\u00edfico para o p\u00fablico escolar e a comunidade. Consciente de que o desenvolvimento nacional depende grandemente da sua capacidade de gerar e aplicar conhecimento, a miss\u00e3o da OSUWELA passa por contribuir para o acesso das comunidades \u00e0s tem\u00e1ticas cient\u00edficas e fomentar nos alunos um maior interesse pelas \u00e1reas de STEM, fundamentais para o desenvolvimento do pa\u00eds. O objetivo&hellip;<\/p>\n","protected":false},"author":1,"featured_media":0,"parent":0,"menu_order":0,"comment_status":"closed","ping_status":"closed","template":"","meta":[],"_links":{"self":[{"href":"https:\/\/osuwela.org\/index.php?rest_route=\/wp\/v2\/pages\/184"}],"collection":[{"href":"https:\/\/osuwela.org\/index.php?rest_route=\/wp\/v2\/pages"}],"about":[{"href":"https:\/\/osuwela.org\/index.php?rest_route=\/wp\/v2\/types\/page"}],"author":[{"embeddable":true,"href":"https:\/\/osuwela.org\/index.php?rest_route=\/wp\/v2\/users\/1"}],"replies":[{"embeddable":true,"href":"https:\/\/osuwela.org\/index.php?rest_route=%2Fwp%2Fv2%2Fcomments&post=184"}],"version-history":[{"count":2,"href":"https:\/\/osuwela.org\/index.php?rest_route=\/wp\/v2\/pages\/184\/revisions"}],"predecessor-version":[{"id":1592,"href":"https:\/\/osuwela.org\/index.php?rest_route=\/wp\/v2\/pages\/184\/revisions\/1592"}],"wp:attachment":[{"href":"https:\/\/osuwela.org\/index.php?rest_route=%2Fwp%2Fv2%2Fmedia&parent=184"}],"curies":[{"name":"wp","href":"https:\/\/api.w.org\/{rel}","templated":true}]}}