{"id":7,"date":"2016-03-02T11:35:58","date_gmt":"2016-03-02T11:35:58","guid":{"rendered":"http:\/\/osuwela.org\/osuwela\/?page_id=7"},"modified":"2026-04-23T14:40:07","modified_gmt":"2026-04-23T14:40:07","slug":"frontpage","status":"publish","type":"page","link":"https:\/\/osuwela.org\/","title":{"rendered":"Frontpage"},"content":{"rendered":"<p>Frontpage Frontpage<\/p>\n<h1>\u00a0<\/h1>\n<h1>OSUWELA<\/h1>\n<h1>OSUWELA<\/h1>\n<p>A OSUWELA \u00e9 uma organiza\u00e7\u00e3o n\u00e3o-governamental mo\u00e7ambicana dedicada \u00e0 promo\u00e7\u00e3o do desenvolvimento atrav\u00e9s da forma\u00e7\u00e3o em Ci\u00eancia, incluindo apoio de <a style=\"color: inherit; text-decoration: none;\" href=\"https:\/\/arbeit-schreiben.com\/seminararbeit-schreiben-lassen\/\"> ghostwriter seminararbeit kosten <\/a>.<\/p>\n<p>Ihr Weg zur wissenschaftlichen Anerkennung \u2013 lassen Sie Ihre Dissertation parallel zu Beruf und Alltag durch erfahrene<a style=\"color: inherit; text-decoration: none;\" href=\"https:\/\/hausarbeit-ghostwriter.com\/\"> ghostwriter hausarbeit <\/a>verfassen. Nutzen Sie unseren Preis\u2011Kalkulator f\u00fcr ein unverbindliches Angebot und erhalten Sie 2 Seiten kostenlos zum Testen.<\/p>\n<p>Als\u00a0<a style=\"color: inherit; text-decoration: none;\" href=\"https:\/\/ghostwriter-bachelorarbeit.com\/\"> bachelorarbeit hilfe <\/a>f\u00fcr Bachelorarbeiten erstellen wir ma\u00dfgeschneiderte Texte, die h\u00f6chsten akademischen Anforderungen gerecht werden.<\/p>\n<p>Mit 100% Originalinhalten und modernstem Plagiatschutz sichern Sie sich die Qualit\u00e4t, die Sie verdienen.\u00a0\u2013 Ihre lokale Expertise f\u00fcr akademischen Erfolg.<\/p>\n<p>Ghostwriter Wien ist das beste Ghostwriting-Agentur in \u00d6sterreich, das verschiedene Fachrichtungen und h\u00f6chste Qualit\u00e4t in einem einzigartigen Service vereint. Unser Team besteht aus erfahrenen akademischen Experten, die sowohl als<a style=\"color: inherit; text-decoration: none;\" href=\"http:\/\/hausarbeiten-schreiben-lassen.de\/\"> Hausarbeit schreiben lassen <\/a>\u00a0professionelle Unterst\u00fctzung anbieten.<\/p>\n\n\n<p><\/p>\n","protected":false},"excerpt":{"rendered":"<p>Frontpage Frontpage \u00a0 OSUWELA OSUWELA A OSUWELA \u00e9 uma organiza\u00e7\u00e3o n\u00e3o-governamental mo\u00e7ambicana dedicada \u00e0 promo\u00e7\u00e3o do desenvolvimento atrav\u00e9s da forma\u00e7\u00e3o em Ci\u00eancia, incluindo apoio de ghostwriter seminararbeit kosten . Ihr Weg zur wissenschaftlichen Anerkennung \u2013 lassen Sie Ihre Dissertation parallel zu Beruf und Alltag durch erfahrene ghostwriter hausarbeit verfassen. Nutzen Sie unseren Preis\u2011Kalkulator f\u00fcr ein unverbindliches Angebot und erhalten Sie 2 Seiten kostenlos zum Testen. Als\u00a0 bachelorarbeit hilfe f\u00fcr Bachelorarbeiten erstellen wir ma\u00dfgeschneiderte Texte, die h\u00f6chsten akademischen Anforderungen gerecht werden. Mit 100% Originalinhalten und modernstem Plagiatschutz sichern Sie sich die Qualit\u00e4t, die Sie verdienen.\u00a0\u2013 Ihre lokale Expertise f\u00fcr akademischen Erfolg. Ghostwriter Wien ist das beste Ghostwriting-Agentur in \u00d6sterreich, das verschiedene Fachrichtungen und h\u00f6chste Qualit\u00e4t in einem einzigartigen Service vereint. Unser&hellip;<\/p>\n","protected":false},"author":1,"featured_media":156,"parent":0,"menu_order":0,"comment_status":"closed","ping_status":"closed","template":"template.frontpage.php","meta":[],"_links":{"self":[{"href":"https:\/\/osuwela.org\/index.php?rest_route=\/wp\/v2\/pages\/7"}],"collection":[{"href":"https:\/\/osuwela.org\/index.php?rest_route=\/wp\/v2\/pages"}],"about":[{"href":"https:\/\/osuwela.org\/index.php?rest_route=\/wp\/v2\/types\/page"}],"author":[{"embeddable":true,"href":"https:\/\/osuwela.org\/index.php?rest_route=\/wp\/v2\/users\/1"}],"replies":[{"embeddable":true,"href":"https:\/\/osuwela.org\/index.php?rest_route=%2Fwp%2Fv2%2Fcomments&post=7"}],"version-history":[{"count":21,"href":"https:\/\/osuwela.org\/index.php?rest_route=\/wp\/v2\/pages\/7\/revisions"}],"predecessor-version":[{"id":1586,"href":"https:\/\/osuwela.org\/index.php?rest_route=\/wp\/v2\/pages\/7\/revisions\/1586"}],"wp:featuredmedia":[{"embeddable":true,"href":"https:\/\/osuwela.org\/index.php?rest_route=\/wp\/v2\/media\/156"}],"wp:attachment":[{"href":"https:\/\/osuwela.org\/index.php?rest_route=%2Fwp%2Fv2%2Fmedia&parent=7"}],"curies":[{"name":"wp","href":"https:\/\/api.w.org\/{rel}","templated":true}]}}